{"id":93,"date":"2026-01-17T20:55:31","date_gmt":"2026-01-17T20:55:31","guid":{"rendered":"https:\/\/www.nartugan.com.tr\/?page_id=93"},"modified":"2026-01-18T04:46:26","modified_gmt":"2026-01-18T04:46:26","slug":"basvuru","status":"publish","type":"page","link":"https:\/\/www.nartugan.com.tr\/index.php\/basvuru\/","title":{"rendered":"BA\u015eVURU"},"content":{"rendered":"\n<h5 class=\"wp-block-heading\"><strong>Film Ba\u015fvurular\u0131<\/strong><\/h5>\n\n\n\n<p>Festival ba\u015fvurular\u0131 yaln\u0131zca resmi uluslararas\u0131 kanal\u0131m\u0131z olan FilmFreeway \u00fczerinden kabul edilmektedir. Ba\u015fvuru \u015fartlar\u0131 ve tarihler i\u00e7in a\u015fa\u011f\u0131daki ba\u011flant\u0131y\u0131 ziyaret edebilirsiniz:\u00a0<a href=\"https:\/\/filmfreeway.com\/Nartugan\" target=\"_blank\" rel=\"noreferrer noopener\">https:\/\/filmfreeway.com\/Nartugan<\/a><\/p>\n","protected":false},"excerpt":{"rendered":"<p>Film Ba\u015fvurular\u0131 Festival ba\u015fvurular\u0131 yaln\u0131zca resmi uluslararas\u0131 kanal\u0131m\u0131z olan FilmFreeway \u00fczerinden kabul edilmektedir. Ba\u015fvuru \u015fartlar\u0131 ve tarihler i\u00e7in a\u015fa\u011f\u0131daki ba\u011flant\u0131y\u0131 ziyaret edebilirsiniz:\u00a0https:\/\/filmfreeway.com\/Nartugan<\/p>\n","protected":false},"author":1,"featured_media":0,"parent":0,"menu_order":0,"comment_status":"closed","ping_status":"closed","template":"","meta":{"footnotes":""},"class_list":["post-93","page","type-page","status-publish","hentry"],"jetpack_sharing_enabled":true,"_links":{"self":[{"href":"https:\/\/www.nartugan.com.tr\/index.php\/wp-json\/wp\/v2\/pages\/93","targetHints":{"allow":["GET"]}}],"collection":[{"href":"https:\/\/www.nartugan.com.tr\/index.php\/wp-json\/wp\/v2\/pages"}],"about":[{"href":"https:\/\/www.nartugan.com.tr\/index.php\/wp-json\/wp\/v2\/types\/page"}],"author":[{"embeddable":true,"href":"https:\/\/www.nartugan.com.tr\/index.php\/wp-json\/wp\/v2\/users\/1"}],"replies":[{"embeddable":true,"href":"https:\/\/www.nartugan.com.tr\/index.php\/wp-json\/wp\/v2\/comments?post=93"}],"version-history":[{"count":0,"href":"https:\/\/www.nartugan.com.tr\/index.php\/wp-json\/wp\/v2\/pages\/93\/revisions"}],"wp:attachment":[{"href":"https:\/\/www.nartugan.com.tr\/index.php\/wp-json\/wp\/v2\/media?parent=93"}],"curies":[{"name":"wp","href":"https:\/\/api.w.org\/{rel}","templated":true}]}}