{"id":92,"date":"2026-01-17T20:55:31","date_gmt":"2026-01-17T20:55:31","guid":{"rendered":"https:\/\/www.nartugan.com.tr\/?page_id=92"},"modified":"2026-01-17T21:04:43","modified_gmt":"2026-01-17T21:04:43","slug":"arsiv","status":"publish","type":"page","link":"https:\/\/www.nartugan.com.tr\/index.php\/arsiv\/","title":{"rendered":"AR\u015e\u0130V"},"content":{"rendered":"\n<p>IINFF Ar\u015fivi, yedi y\u0131ll\u0131k k\u00fcresel yolculu\u011fumuzun her a\u015famas\u0131n\u0131 \u015feffaf bir \u015fekilde yans\u0131tan dijital bir bellek havuzudur. Ba\u015fvuru yapan ve festival ruhuna katk\u0131 sa\u011flayan binlerce eser aras\u0131ndan s\u0131yr\u0131larak &#8220;Selected&#8221; (Resmi Se\u00e7ki) stat\u00fcs\u00fcne giren, j\u00fcrimizin baraj\u0131n\u0131 a\u015farak &#8220;Finalist&#8221; olan ve en y\u00fcksek puanlarla &#8220;Winner&#8221; (Kazanan) \u00fcnvan\u0131n\u0131 alan t\u00fcm yap\u0131mlar bu ar\u015fivde yer almaktad\u0131r. IMDb referansl\u0131 bir platform olarak sundu\u011fumuz bu veriler, d\u00fcnya sinemas\u0131n\u0131n son alt\u0131 y\u0131l\u0131ndaki geli\u015fimini ve k\u00fclt\u00fcrel etkile\u015fimini belgelemektedir.<\/p>\n\n\n\n<p>Ar\u015fiv sayfam\u0131zda; Short Film, Feature Film, Short Documentary ve Feature Documentary kategorilerinde 2020 y\u0131l\u0131ndan bug\u00fcne kadar \u00f6ne \u00e7\u0131kan eserleri inceleyebilirsiniz. Her y\u0131l\u0131n kendine has temas\u0131n\u0131 ve kazananlar\u0131n\u0131 g\u00f6rmek i\u00e7in ilgili y\u0131l\u0131n ar\u015fiv sayfas\u0131na t\u0131klaman\u0131z yeterlidir. Nartugan\u2019\u0131n \u0131\u015f\u0131\u011f\u0131nda \u00f6d\u00fcl alm\u0131\u015f her yap\u0131m, sadece bir film de\u011fil, gelece\u011fin sinemac\u0131lar\u0131 i\u00e7in kadim k\u00fclt\u00fcrlerin modern d\u00fcnyadaki iz d\u00fc\u015f\u00fcm\u00fcn\u00fc g\u00f6steren birer referans noktas\u0131d\u0131r.<\/p>\n","protected":false},"excerpt":{"rendered":"<p>IINFF Ar\u015fivi, yedi y\u0131ll\u0131k k\u00fcresel yolculu\u011fumuzun her a\u015famas\u0131n\u0131 \u015feffaf bir \u015fekilde yans\u0131tan dijital bir bellek havuzudur. Ba\u015fvuru yapan ve festival ruhuna katk\u0131 sa\u011flayan binlerce eser aras\u0131ndan s\u0131yr\u0131larak &#8220;Selected&#8221; (Resmi Se\u00e7ki) stat\u00fcs\u00fcne giren, j\u00fcrimizin baraj\u0131n\u0131 a\u015farak &#8220;Finalist&#8221; olan ve en y\u00fcksek puanlarla &#8220;Winner&#8221; (Kazanan) \u00fcnvan\u0131n\u0131 alan t\u00fcm yap\u0131mlar bu ar\u015fivde yer&#8230; <a class=\"continue-reading-link\" href=\"https:\/\/www.nartugan.com.tr\/index.php\/arsiv\/\">Okumaya Devam Et. <span class=\"meta-nav\">&rarr; <\/span><\/a><\/p>\n","protected":false},"author":1,"featured_media":0,"parent":0,"menu_order":0,"comment_status":"closed","ping_status":"closed","template":"","meta":{"footnotes":""},"class_list":["post-92","page","type-page","status-publish","hentry"],"jetpack_sharing_enabled":true,"_links":{"self":[{"href":"https:\/\/www.nartugan.com.tr\/index.php\/wp-json\/wp\/v2\/pages\/92","targetHints":{"allow":["GET"]}}],"collection":[{"href":"https:\/\/www.nartugan.com.tr\/index.php\/wp-json\/wp\/v2\/pages"}],"about":[{"href":"https:\/\/www.nartugan.com.tr\/index.php\/wp-json\/wp\/v2\/types\/page"}],"author":[{"embeddable":true,"href":"https:\/\/www.nartugan.com.tr\/index.php\/wp-json\/wp\/v2\/users\/1"}],"replies":[{"embeddable":true,"href":"https:\/\/www.nartugan.com.tr\/index.php\/wp-json\/wp\/v2\/comments?post=92"}],"version-history":[{"count":0,"href":"https:\/\/www.nartugan.com.tr\/index.php\/wp-json\/wp\/v2\/pages\/92\/revisions"}],"wp:attachment":[{"href":"https:\/\/www.nartugan.com.tr\/index.php\/wp-json\/wp\/v2\/media?parent=92"}],"curies":[{"name":"wp","href":"https:\/\/api.w.org\/{rel}","templated":true}]}}