{"id":191,"date":"2026-01-17T22:18:50","date_gmt":"2026-01-17T22:18:50","guid":{"rendered":"https:\/\/www.nartugan.com.tr\/?page_id=191"},"modified":"2026-01-19T03:12:55","modified_gmt":"2026-01-19T03:12:55","slug":"etkinlik-takvimi","status":"publish","type":"page","link":"https:\/\/www.nartugan.com.tr\/index.php\/etkinlik-takvimi\/","title":{"rendered":"ETK\u0130NL\u0130KLER"},"content":{"rendered":"\n<pre class=\"wp-block-code\"><code>\n<\/code><\/pre>\n\n\n\n<div  class=\"tribe-compatibility-container\" >\n\t<div\n\t\t class=\"tribe-common tribe-events tribe-events-view tribe-events-view--widget-events-list tribe-events-widget\" \t\tdata-js=\"tribe-events-view\"\n\t\tdata-view-rest-url=\"https:\/\/www.nartugan.com.tr\/index.php\/wp-json\/tribe\/views\/v2\/html\"\n\t\tdata-view-manage-url=\"1\"\n\t\t\t\t\t\t\tdata-view-breakpoint-pointer=\"aa22dcfc-befb-4cb5-b177-15c6cc9ae483\"\n\t\t\t>\n\t\t<div class=\"tribe-events-widget-events-list\">\n\n\t\t\t<script type=\"application\/ld+json\">\r\n[{\"@context\":\"http:\/\/schema.org\",\"@type\":\"Event\",\"name\":\"Kategorilerde Kazananlar ve B\\u00fcy\\u00fck Final: Turkuaz Aslan \\u00d6d\\u00fclleri\",\"description\":\"&lt;p&gt;Sineman\\u0131n kalbi, Nartugan\\u2019\\u0131n kadim \\u0131\\u015f\\u0131\\u011f\\u0131nda bir kez daha at\\u0131yor. 7. y\\u0131l\\u0131m\\u0131zda, \\u00f6nce farkl\\u0131 kategorilerde eme\\u011fi ve sanat\\u0131 ta\\u00e7land\\u0131r\\u0131yor, ard\\u0131ndan gecenin en b\\u00fcy\\u00fck onuru olan &quot;Turkuaz Aslan&quot; \\u00f6d\\u00fclleriyle zirveye ula\\u015f\\u0131yoruz. T\\u00fcrk d\\u00fcnyas\\u0131n\\u0131n ve d\\u00fcnya sinemas\\u0131n\\u0131n en se\\u00e7kin eserlerinin onurland\\u0131r\\u0131laca\\u011f\\u0131 bu g\\u00f6rkemli gecede; yeniden do\\u011fu\\u015fun, cesaretin ve yarat\\u0131c\\u0131l\\u0131\\u011f\\u0131n sahne almas\\u0131na tan\\u0131kl\\u0131k edece\\u011fiz.... &lt;a class=&quot;continue-reading-link&quot; href=&quot;https:\/\/www.nartugan.com.tr\/index.php\/event\/kategorilerde-kazananlar-ve-buyuk-final-turkuaz-aslan-odulleri\/&quot;&gt;Okumaya Devam Et. &lt;span class=&quot;meta-nav&quot;&gt;&rarr; &lt;\/span&gt;&lt;\/a&gt;&lt;\/p&gt;\\\\n\",\"url\":\"https:\/\/www.nartugan.com.tr\/index.php\/event\/kategorilerde-kazananlar-ve-buyuk-final-turkuaz-aslan-odulleri\/\",\"eventAttendanceMode\":\"https:\/\/schema.org\/OfflineEventAttendanceMode\",\"eventStatus\":\"https:\/\/schema.org\/EventScheduled\",\"startDate\":\"2026-12-21T19:00:00+02:00\",\"endDate\":\"2026-12-21T23:00:00+02:00\",\"location\":{\"@type\":\"Place\",\"name\":\"https:\/\/maps.app.goo.gl\/xESHtrYoJ23A6YyW8\",\"description\":\"\",\"url\":\"\",\"address\":{\"@type\":\"PostalAddress\",\"streetAddress\":\"S\\u0131rma Perde Sk. No:23, 34662 \\u00dcsk\\u00fcdar\/\\u0130stanbul\",\"addressLocality\":\"\\u00dcsk\\u00fcdar \/ \\u0130stanbul\",\"addressCountry\":\"Turkey\"},\"telephone\":\"\",\"sameAs\":\"\"},\"performer\":\"Organization\"}]\r\n<\/script>\n\t\t\t<script data-js=\"tribe-events-view-data\" type=\"application\/json\">\n\t{\"slug\":\"widget-events-list\",\"prev_url\":\"\",\"next_url\":\"\",\"view_class\":\"Tribe\\\\Events\\\\Views\\\\V2\\\\Views\\\\Widgets\\\\Widget_List_View\",\"view_slug\":\"widget-events-list\",\"view_label\":\"View\",\"view\":null,\"should_manage_url\":true,\"id\":null,\"alias-slugs\":null,\"title\":\"Etkinlikler from Nisan 21 \\u2013 Aral\\u0131k 21 \\u2013 \\u0130STANBUL ULUSLARARASI NARTUGAN F\\u0130LM FESTIVAL\\u0130\",\"limit\":\"5\",\"no_upcoming_events\":false,\"featured_events_only\":false,\"jsonld_enable\":true,\"tribe_is_list_widget\":false,\"admin_fields\":{\"title\":{\"label\":\"Ba\\u015fl\\u0131k:\",\"type\":\"text\",\"parent_classes\":\"\",\"classes\":\"\",\"dependency\":\"\",\"id\":\"widget-tribe-widget-events-list--1-title\",\"name\":\"widget-tribe-widget-events-list[-1][title]\",\"options\":[],\"placeholder\":\"\",\"value\":null},\"limit\":{\"label\":\"G\\u00f6ster:\",\"type\":\"number\",\"default\":5,\"min\":1,\"max\":10,\"step\":1,\"parent_classes\":\"\",\"classes\":\"\",\"dependency\":\"\",\"id\":\"widget-tribe-widget-events-list--1-limit\",\"name\":\"widget-tribe-widget-events-list[-1][limit]\",\"options\":[],\"placeholder\":\"\",\"value\":null},\"no_upcoming_events\":{\"label\":\"Yakla\\u015fan etkinlik yoksa bu bile\\u015feni gizle.\",\"type\":\"checkbox\",\"parent_classes\":\"\",\"classes\":\"\",\"dependency\":\"\",\"id\":\"widget-tribe-widget-events-list--1-no_upcoming_events\",\"name\":\"widget-tribe-widget-events-list[-1][no_upcoming_events]\",\"options\":[],\"placeholder\":\"\",\"value\":null},\"featured_events_only\":{\"label\":\"Sadece \\u00f6ne \\u00e7\\u0131kan etkinliklerle s\\u0131n\\u0131rland\\u0131r\",\"type\":\"checkbox\",\"parent_classes\":\"\",\"classes\":\"\",\"dependency\":\"\",\"id\":\"widget-tribe-widget-events-list--1-featured_events_only\",\"name\":\"widget-tribe-widget-events-list[-1][featured_events_only]\",\"options\":[],\"placeholder\":\"\",\"value\":null},\"jsonld_enable\":{\"label\":\"JSON-LD verisi olu\\u015ftur\",\"type\":\"checkbox\",\"parent_classes\":\"\",\"classes\":\"\",\"dependency\":\"\",\"id\":\"widget-tribe-widget-events-list--1-jsonld_enable\",\"name\":\"widget-tribe-widget-events-list[-1][jsonld_enable]\",\"options\":[],\"placeholder\":\"\",\"value\":null}},\"events\":[320],\"url\":\"https:\\\/\\\/www.nartugan.com.tr\\\/?post_type=tribe_events&eventDisplay=widget-events-list\",\"url_event_date\":false,\"bar\":{\"keyword\":\"\",\"date\":\"\"},\"today\":\"2026-04-21 00:00:00\",\"now\":\"2026-04-21 09:29:49\",\"home_url\":\"https:\\\/\\\/www.nartugan.com.tr\",\"rest_url\":\"https:\\\/\\\/www.nartugan.com.tr\\\/index.php\\\/wp-json\\\/tribe\\\/views\\\/v2\\\/html\",\"rest_method\":\"GET\",\"rest_nonce\":\"\",\"today_url\":\"https:\\\/\\\/www.nartugan.com.tr\\\/?post_type=tribe_events&eventDisplay=widget-events-list&rest_route=%2Fwp%2Fv2%2Fpages%2F191\",\"today_title\":\"Bug\\u00fcn\\u00fcn tarihini se\\u00e7mek i\\u00e7in t\\u0131klay\\u0131n.\",\"today_label\":\"Bug\\u00fcn\",\"prev_label\":\"\",\"next_label\":\"\",\"date_formats\":{\"compact\":\"n\\\/j\\\/Y\",\"month_and_year_compact\":\"n\\\/j\\\/Y\",\"month_and_year\":\"F Y\",\"time_range_separator\":\" - \",\"date_time_separator\":\" @ \"},\"messages\":[],\"start_of_week\":\"1\",\"header_title\":\"\",\"header_title_element\":\"h1\",\"content_title\":\"\",\"show_content_title\":false,\"breadcrumbs\":[],\"backlink\":false,\"before_events\":\"\",\"after_events\":\"\\n<!--\\nThis calendar is powered by The Events Calendar.\\nhttp:\\\/\\\/evnt.is\\\/18wn\\n-->\\n\",\"display_events_bar\":false,\"disable_event_search\":false,\"live_refresh\":true,\"ical\":{\"display_link\":true,\"link\":{\"url\":\"https:\\\/\\\/www.nartugan.com.tr\\\/?post_type=tribe_events&#038;eventDisplay=widget-events-list&#038;ical=1\",\"text\":\"Etkinlikler i\\u00e7in d\\u0131\\u015fa aktar\\u0131m\",\"title\":\"Takvim verisini Google Takvim, Apple iCal veya uyumlu ba\\u015fka uygulamalar ile payla\\u015fmak i\\u00e7in kullan\\u0131n\"}},\"container_classes\":[\"tribe-common\",\"tribe-events\",\"tribe-events-view\",\"tribe-events-view--widget-events-list\",\"tribe-events-widget\"],\"container_data\":[],\"is_past\":false,\"breakpoints\":{\"xsmall\":500,\"medium\":768,\"full\":960},\"breakpoint_pointer\":\"aa22dcfc-befb-4cb5-b177-15c6cc9ae483\",\"is_initial_load\":false,\"public_views\":{\"list\":{\"view_class\":\"Tribe\\\\Events\\\\Views\\\\V2\\\\Views\\\\List_View\",\"view_url\":\"https:\\\/\\\/www.nartugan.com.tr\\\/events\\\/liste\\\/\",\"view_label\":\"Liste\",\"aria_label\":\"Display Etkinlikler in Liste View\"},\"day\":{\"view_class\":\"Tribe\\\\Events\\\\Views\\\\V2\\\\Views\\\\Day_View\",\"view_url\":\"https:\\\/\\\/www.nartugan.com.tr\\\/events\\\/bugun\\\/\",\"view_label\":\"G\\u00fcn\",\"aria_label\":\"Display Etkinlikler in G\\u00fcn View\"}},\"show_latest_past\":false,\"past\":false,\"category_colors_enabled\":false,\"category_colors_category_dropdown\":[{\"slug\":\"duzenli-etkinlikler\",\"name\":\"Ayl\\u0131k Etkinlikler\",\"priority\":0,\"primary\":\"#cdef21\",\"hidden\":false},{\"slug\":\"gosterim\",\"name\":\"Film G\\u00f6sterimi\",\"priority\":0,\"primary\":\"#dd9933\",\"hidden\":false},{\"slug\":\"film-okuryazarigi\",\"name\":\"Film Okuryazar\\u0131\\u011f\\u0131\",\"priority\":0,\"primary\":\"#3f230d\",\"hidden\":false},{\"slug\":\"seminer-ve-soylesiler\",\"name\":\"Seminer ve S\\u00f6yle\\u015filer\",\"priority\":0,\"primary\":\"#705019\",\"hidden\":false},{\"slug\":\"usta-cirak-bulusmalari\",\"name\":\"Uygulamal\\u0131 Workshoplar\",\"priority\":0,\"primary\":\"#a35325\",\"hidden\":false}],\"category_colors_super_power\":false,\"category_colors_show_reset_button\":false,\"compatibility_classes\":[\"tribe-compatibility-container\"],\"view_more_text\":\"Takvimi g\\u00f6r\\u00fcnt\\u00fcle\",\"view_more_title\":\"Di\\u011fer etkinlikler \\u00f6gelerini g\\u00f6r\\u00fcnt\\u00fcle.\",\"view_more_link\":\"https:\\\/\\\/www.nartugan.com.tr\\\/events\\\/\",\"widget_title\":\"Yakla\\u015fan Etkinlikler\",\"hide_if_no_upcoming_events\":false,\"display\":[],\"subscribe_links\":{\"gcal\":{\"label\":\"Google Takvim\",\"single_label\":\"Google Takvim i\\u00e7in ekle\",\"visible\":true,\"block_slug\":\"hasGoogleCalendar\"},\"ical\":{\"label\":\"iCalendar\",\"single_label\":\"Add to iCalendar\",\"visible\":true,\"block_slug\":\"hasiCal\"},\"outlook-365\":{\"label\":\"Outlook 365\",\"single_label\":\"Outlook 365\",\"visible\":true,\"block_slug\":\"hasOutlook365\"},\"outlook-live\":{\"label\":\"Outlook Live\",\"single_label\":\"Outlook Live\",\"visible\":true,\"block_slug\":\"hasOutlookLive\"},\"ics\":{\"label\":\"Export .ics file\",\"single_label\":\"Export .ics file\",\"visible\":true,\"block_slug\":null},\"outlook-ics\":{\"label\":\"Outlook .ics dosyas\\u0131 olarak d\\u0131\\u015fa aktar\",\"single_label\":\"Outlook .ics dosyas\\u0131 olarak d\\u0131\\u015fa aktar\",\"visible\":true,\"block_slug\":null}},\"_context\":{\"slug\":\"widget-events-list\"}}<\/script>\n\n\t\t\t\t\t\t\t<header class=\"tribe-events-widget-events-list__header\">\n\t\t\t\t\t<h2 class=\"tribe-events-widget-events-list__header-title tribe-common-h6 tribe-common-h--alt\">\n\t\t\t\t\t\tYakla\u015fan Etkinlikler\t\t\t\t\t<\/h2>\n\t\t\t\t<\/header>\n\t\t\t\n\t\t\t\n\t\t\t\t<div class=\"tribe-events-widget-events-list__events\">\n\t\t\t\t\t\t\t\t\t\t\t<div  class=\"tribe-common-g-row tribe-events-widget-events-list__event-row\" >\n\n\t<div class=\"tribe-events-widget-events-list__event-date-tag tribe-common-g-col\">\n\t<time class=\"tribe-events-widget-events-list__event-date-tag-datetime\" datetime=\"2026-12-21\">\n\t\t<span class=\"tribe-events-widget-events-list__event-date-tag-month\">\n\t\t\tAra\t\t<\/span>\n\t\t<span class=\"tribe-events-widget-events-list__event-date-tag-daynum tribe-common-h2 tribe-common-h4--min-medium\">\n\t\t\t21\t\t<\/span>\n\t<\/time>\n<\/div>\n\n\t<div class=\"tribe-events-widget-events-list__event-wrapper tribe-common-g-col\">\n\t\t<article  class=\"tribe-events-widget-events-list__event post-320 tribe_events type-tribe_events status-publish hentry\" >\n\t\t\t<div class=\"tribe-events-widget-events-list__event-details\">\n\n\t\t\t\t<header class=\"tribe-events-widget-events-list__event-header\">\n\t\t\t\t\t<div class=\"tribe-events-widget-events-list__event-datetime-wrapper tribe-common-b2 tribe-common-b3--min-medium\">\n\t\t<time class=\"tribe-events-widget-events-list__event-datetime\" datetime=\"2026-12-21\">\n\t\t<span class=\"tribe-event-date-start\">7:00 pm<\/span> &#8211; <span class=\"tribe-event-time\">11:00 pm<\/span>\t<\/time>\n\t<\/div>\n\t\t\t\t\t<h3 class=\"tribe-events-widget-events-list__event-title tribe-common-h7\">\n\t<a\n\t\thref=\"https:\/\/www.nartugan.com.tr\/index.php\/event\/kategorilerde-kazananlar-ve-buyuk-final-turkuaz-aslan-odulleri\/\"\n\t\ttitle=\"Kategorilerde Kazananlar ve B\u00fcy\u00fck Final: Turkuaz Aslan \u00d6d\u00fclleri\"\n\t\trel=\"bookmark\"\n\t\tclass=\"tribe-events-widget-events-list__event-title-link tribe-common-anchor-thin\"\n\t>\n\t\tKategorilerde Kazananlar ve B\u00fcy\u00fck Final: Turkuaz Aslan \u00d6d\u00fclleri\t<\/a>\n<\/h3>\n\t\t\t\t<\/header>\n\n\t\t\t\t\n\t\t\t<\/div>\n\t\t<\/article>\n\t<\/div>\n\n<\/div>\n\t\t\t\t\t\t\t\t\t<\/div>\n\n\t\t\t\t<div class=\"tribe-events-widget-events-list__view-more tribe-common-b1 tribe-common-b2--min-medium\">\n\t<a\n\t\thref=\"https:\/\/www.nartugan.com.tr\/events\/\"\n\t\tclass=\"tribe-events-widget-events-list__view-more-link tribe-common-anchor-thin\"\n\t\ttitle=\"Di\u011fer etkinlikler \u00f6gelerini g\u00f6r\u00fcnt\u00fcle.\"\n\t>\n\t\tTakvimi g\u00f6r\u00fcnt\u00fcle\t<\/a>\n<\/div>\n\n\t\t\t\t\t<\/div>\n\t<\/div>\n<\/div>\n<script data-js='tribe-events-view-nonce-data' type='application\/json'>{\"tvn1\":\"3e2837a139\",\"tvn2\":\"\"}<\/script>\n","protected":false},"excerpt":{"rendered":"","protected":false},"author":1,"featured_media":0,"parent":0,"menu_order":0,"comment_status":"closed","ping_status":"closed","template":"","meta":{"footnotes":""},"class_list":["post-191","page","type-page","status-publish","hentry"],"jetpack_sharing_enabled":true,"_links":{"self":[{"href":"https:\/\/www.nartugan.com.tr\/index.php\/wp-json\/wp\/v2\/pages\/191","targetHints":{"allow":["GET"]}}],"collection":[{"href":"https:\/\/www.nartugan.com.tr\/index.php\/wp-json\/wp\/v2\/pages"}],"about":[{"href":"https:\/\/www.nartugan.com.tr\/index.php\/wp-json\/wp\/v2\/types\/page"}],"author":[{"embeddable":true,"href":"https:\/\/www.nartugan.com.tr\/index.php\/wp-json\/wp\/v2\/users\/1"}],"replies":[{"embeddable":true,"href":"https:\/\/www.nartugan.com.tr\/index.php\/wp-json\/wp\/v2\/comments?post=191"}],"version-history":[{"count":0,"href":"https:\/\/www.nartugan.com.tr\/index.php\/wp-json\/wp\/v2\/pages\/191\/revisions"}],"wp:attachment":[{"href":"https:\/\/www.nartugan.com.tr\/index.php\/wp-json\/wp\/v2\/media?parent=191"}],"curies":[{"name":"wp","href":"https:\/\/api.w.org\/{rel}","templated":true}]}}