{"id":128,"date":"2026-01-17T21:19:12","date_gmt":"2026-01-17T21:19:12","guid":{"rendered":"https:\/\/www.nartugan.com.tr\/?page_id=128"},"modified":"2026-01-19T03:18:47","modified_gmt":"2026-01-19T03:18:47","slug":"iletisim","status":"publish","type":"page","link":"https:\/\/www.nartugan.com.tr\/index.php\/iletisim\/","title":{"rendered":"\u0130LET\u0130\u015e\u0130M"},"content":{"rendered":"\n<h3 class=\"wp-block-heading\"><\/h3>\n\n\n\n<p>\u0130stanbul Uluslararas\u0131 Nartugan Film Festivali (IINFF) ile ilgili her t\u00fcrl\u00fc teknik destek, bas\u0131n akreditasyonu, sponsorluk g\u00f6r\u00fc\u015fmeleri ve genel sorular\u0131n\u0131z i\u00e7in a\u015fa\u011f\u0131daki resmi kanallar\u0131m\u0131z\u0131 kullanabilirsiniz. Uluslararas\u0131 standartlarda bir organizasyon olarak, t\u00fcm taleplerinize en k\u0131sa s\u00fcrede d\u00f6n\u00fc\u015f sa\u011flanmaktad\u0131r.<\/p>\n\n\n\n<p><strong>Resmi Yaz\u0131\u015fma ve Posta Adresi:<\/strong> Esatpa\u015fa Mah. D\u00fczova Sokak No: 32A Ata\u015fehir, 34630 \u0130stanbul \/ T\u00fcrkiye<\/p>\n\n\n\n<p>Festival Direkt\u00f6r\u00fc<br>G\u00fcltekin Bay\u0131r<br><strong>Telefon:<\/strong> +90 532 263 58 41<\/p>\n\n\n\n<p><strong>E-posta:<\/strong> bilgi@nartugan.com.tr<\/p>\n\n\n\n<p><strong>Resmi Web Sitesi:<\/strong> <a href=\"http:\/\/www.nartugan.com.tr\" data-type=\"link\" data-id=\"www.nartugan.com.tr\">www.nartugan.com.tr<\/a><\/p>\n\n\n\n<div class=\"wpcf7 no-js\" id=\"wpcf7-f350-o1\" lang=\"tr-TR\" dir=\"ltr\" data-wpcf7-id=\"350\">\n<div class=\"screen-reader-response\"><p role=\"status\" aria-live=\"polite\" aria-atomic=\"true\"><\/p> <ul><\/ul><\/div>\n<form action=\"\/index.php\/wp-json\/wp\/v2\/pages\/128#wpcf7-f350-o1\" method=\"post\" class=\"wpcf7-form init\" aria-label=\"\u0130leti\u015fim Formu\" novalidate=\"novalidate\" data-status=\"init\">\n<fieldset class=\"hidden-fields-container\"><input type=\"hidden\" name=\"_wpcf7\" value=\"350\" \/><input type=\"hidden\" name=\"_wpcf7_version\" value=\"6.1.5\" \/><input type=\"hidden\" name=\"_wpcf7_locale\" value=\"tr_TR\" \/><input type=\"hidden\" name=\"_wpcf7_unit_tag\" value=\"wpcf7-f350-o1\" \/><input type=\"hidden\" name=\"_wpcf7_container_post\" value=\"0\" \/><input type=\"hidden\" name=\"_wpcf7_posted_data_hash\" value=\"\" \/>\n<\/fieldset>\n<p><label> Ad\u0131n\u0131z Soyad\u0131n\u0131z<br \/>\n<span class=\"wpcf7-form-control-wrap\" data-name=\"your-name\"><input size=\"40\" maxlength=\"400\" class=\"wpcf7-form-control wpcf7-text wpcf7-validates-as-required\" aria-required=\"true\" aria-invalid=\"false\" value=\"\" type=\"text\" name=\"your-name\" \/><\/span> <\/label>\n<\/p>\n<p><label> E-posta Adresiniz<br \/>\n<span class=\"wpcf7-form-control-wrap\" data-name=\"your-email\"><input size=\"40\" maxlength=\"400\" class=\"wpcf7-form-control wpcf7-email wpcf7-validates-as-required wpcf7-text wpcf7-validates-as-email\" aria-required=\"true\" aria-invalid=\"false\" value=\"\" type=\"email\" name=\"your-email\" \/><\/span> <\/label>\n<\/p>\n<p><label> Konu (\u00d6rn: Film Ba\u015fvurusu, Sponsorluk, Te\u015fekk\u00fcr)<br \/>\n<span class=\"wpcf7-form-control-wrap\" data-name=\"your-subject\"><input size=\"40\" maxlength=\"400\" class=\"wpcf7-form-control wpcf7-text wpcf7-validates-as-required\" aria-required=\"true\" aria-invalid=\"false\" value=\"\" type=\"text\" name=\"your-subject\" \/><\/span> <\/label>\n<\/p>\n<p><label> Mesaj\u0131n\u0131z<br \/>\n<span class=\"wpcf7-form-control-wrap\" data-name=\"your-message\"><textarea cols=\"40\" rows=\"10\" maxlength=\"2000\" class=\"wpcf7-form-control wpcf7-textarea\" aria-invalid=\"false\" name=\"your-message\"><\/textarea><\/span> <\/label>\n<\/p>\n<p><input class=\"wpcf7-form-control wpcf7-submit has-spinner\" type=\"submit\" value=\"Mesaj\u0131 Nartugan Ekibine G\u00f6nder\" \/>\n<\/p><div class=\"wpcf7-response-output\" aria-hidden=\"true\"><\/div>\n<\/form>\n<\/div>\n\n\n\n\n<h2 class=\"wp-block-heading\">Konum:<\/h2>\n\n\n\n<iframe src=\"https:\/\/www.google.com\/maps\/embed?pb=!1m18!1m12!1m3!1d3010.8793610586686!2d29.079541577245372!3d41.00601361956239!2m3!1f0!2f0!3f0!3m2!1i1024!2i768!4f13.1!3m3!1m2!1s0x14cac98814b12269%3A0xfb17c6d4a3284d89!2sNartugan%20Studio!5e0!3m2!1str!2str!4v1768700769091!5m2!1str!2str\" width=\"%100\" height=\"%100\" style=\"border:0;\" allowfullscreen=\"\" loading=\"lazy\" referrerpolicy=\"no-referrer-when-downgrade\"><\/iframe>\n\n\n\n<p><\/p>\n","protected":false},"excerpt":{"rendered":"<p>\u0130stanbul Uluslararas\u0131 Nartugan Film Festivali (IINFF) ile ilgili her t\u00fcrl\u00fc teknik destek, bas\u0131n akreditasyonu, sponsorluk g\u00f6r\u00fc\u015fmeleri ve genel sorular\u0131n\u0131z i\u00e7in a\u015fa\u011f\u0131daki resmi kanallar\u0131m\u0131z\u0131 kullanabilirsiniz. Uluslararas\u0131 standartlarda bir organizasyon olarak, t\u00fcm taleplerinize en k\u0131sa s\u00fcrede d\u00f6n\u00fc\u015f sa\u011flanmaktad\u0131r. Resmi Yaz\u0131\u015fma ve Posta Adresi: Esatpa\u015fa Mah. D\u00fczova Sokak No: 32A Ata\u015fehir, 34630 \u0130stanbul&#8230; <a class=\"continue-reading-link\" href=\"https:\/\/www.nartugan.com.tr\/index.php\/iletisim\/\">Okumaya Devam Et. <span class=\"meta-nav\">&rarr; <\/span><\/a><\/p>\n","protected":false},"author":1,"featured_media":0,"parent":0,"menu_order":0,"comment_status":"closed","ping_status":"closed","template":"","meta":{"footnotes":""},"class_list":["post-128","page","type-page","status-publish","hentry"],"jetpack_sharing_enabled":true,"_links":{"self":[{"href":"https:\/\/www.nartugan.com.tr\/index.php\/wp-json\/wp\/v2\/pages\/128","targetHints":{"allow":["GET"]}}],"collection":[{"href":"https:\/\/www.nartugan.com.tr\/index.php\/wp-json\/wp\/v2\/pages"}],"about":[{"href":"https:\/\/www.nartugan.com.tr\/index.php\/wp-json\/wp\/v2\/types\/page"}],"author":[{"embeddable":true,"href":"https:\/\/www.nartugan.com.tr\/index.php\/wp-json\/wp\/v2\/users\/1"}],"replies":[{"embeddable":true,"href":"https:\/\/www.nartugan.com.tr\/index.php\/wp-json\/wp\/v2\/comments?post=128"}],"version-history":[{"count":0,"href":"https:\/\/www.nartugan.com.tr\/index.php\/wp-json\/wp\/v2\/pages\/128\/revisions"}],"wp:attachment":[{"href":"https:\/\/www.nartugan.com.tr\/index.php\/wp-json\/wp\/v2\/media?parent=128"}],"curies":[{"name":"wp","href":"https:\/\/api.w.org\/{rel}","templated":true}]}}