{"id":126,"date":"2026-01-17T21:18:37","date_gmt":"2026-01-17T21:18:37","guid":{"rendered":"https:\/\/www.nartugan.com.tr\/?page_id=126"},"modified":"2026-01-18T04:45:35","modified_gmt":"2026-01-18T04:45:35","slug":"2025-2","status":"publish","type":"page","link":"https:\/\/www.nartugan.com.tr\/index.php\/arsiv\/2025-2\/","title":{"rendered":"2025"},"content":{"rendered":"\n<h4 class=\"wp-block-heading\"><strong>ULUSAL YARI\u015eMA (NATIONAL COMPETITION)<\/strong><\/h4>\n\n\n\n<h5 class=\"wp-block-heading\"><strong>Belgesel Film Kategorisi (Feature Documentary)<\/strong><\/h5>\n\n\n\n<ul class=\"wp-block-list\">\n<li><strong>Birinci:<\/strong> <em>Temas<\/em> \u2013 <strong>Y\u00f6netmen:<\/strong> Bar\u0131\u015f Tolga Ekinci<\/li>\n\n\n\n<li><strong>\u0130kinci:<\/strong> <em>\u00dc\u00e7 Sava\u015f\u0131n Doktoru<\/em> \u2013 <strong>Y\u00f6netmen:<\/strong> Vedat Yenerer<\/li>\n\n\n\n<li><strong>\u00dc\u00e7\u00fcnc\u00fc:<\/strong> <em>Nilg\u00fcn<\/em> \u2013 <strong>Y\u00f6netmen:<\/strong> Tolga Oskar<\/li>\n<\/ul>\n\n\n\n<h5 class=\"wp-block-heading\"><strong>K\u0131sa Belgesel Kategorisi (Short Documentary)<\/strong><\/h5>\n\n\n\n<ul class=\"wp-block-list\">\n<li><strong>Birinci:<\/strong> <em>Kahin<\/em> \u2013 <strong>Y\u00f6netmen:<\/strong> \u015e\u00fckr\u00fc G\u00fcrsoy<\/li>\n\n\n\n<li><strong>\u0130kinci:<\/strong> <em>Tep\u00fck<\/em> \u2013 <strong>Y\u00f6netmen:<\/strong> Muhammed Atasal<\/li>\n\n\n\n<li><strong>\u00dc\u00e7\u00fcnc\u00fc:<\/strong> <em>Belirsiz Mahal<\/em> \u2013 <strong>Y\u00f6netmen:<\/strong> Yusuf Erkan<\/li>\n<\/ul>\n\n\n\n<h5 class=\"wp-block-heading\"><strong>Uzun Metraj Film Kategorisi (Feature Film)<\/strong><\/h5>\n\n\n\n<ul class=\"wp-block-list\">\n<li><strong>Birinci:<\/strong> <em>Ziyaret<\/em> \u2013 <strong>Y\u00f6netmen:<\/strong> Irmak Ta\u015fdan<\/li>\n\n\n\n<li><strong>\u0130kinci:<\/strong> <em>Sadece \u0130zledim<\/em> \u2013 <strong>Y\u00f6netmen:<\/strong> Murat Kiziro\u011flu<\/li>\n\n\n\n<li><strong>\u00dc\u00e7\u00fcnc\u00fc:<\/strong> <em>\u015eizofreni Yaln\u0131z Oynanmaz<\/em> \u2013 <strong>Y\u00f6netmen:<\/strong> Bar\u0131\u015f Demirkaya<\/li>\n<\/ul>\n\n\n\n<h5 class=\"wp-block-heading\"><strong>K\u0131sa Film Kategorisi (Short Film)<\/strong><\/h5>\n\n\n\n<ul class=\"wp-block-list\">\n<li><strong>Birinci:<\/strong> <em>D\u00fcnyada \u00d6yle \u015eeyler Olmuyor<\/em> \u2013 <strong>Y\u00f6netmen:<\/strong> Ali Emre Ceylan<\/li>\n\n\n\n<li><strong>\u0130kinci:<\/strong> <em>Babam\u0131n Arkada\u015f\u0131<\/em> \u2013 <strong>Y\u00f6netmen:<\/strong> Kemal Ak\u00e7ay<\/li>\n\n\n\n<li><strong>\u00dc\u00e7\u00fcnc\u00fc:<\/strong> <em>Galaksinin Tezenesi<\/em> \u2013 <strong>Y\u00f6netmen:<\/strong> Semih Ellialt\u0131<\/li>\n<\/ul>\n\n\n\n<hr class=\"wp-block-separator has-alpha-channel-opacity\"\/>\n\n\n\n<h4 class=\"wp-block-heading\"><strong>ULUSLARARASI YARI\u015eMA (INTERNATIONAL COMPETITION)<\/strong><\/h4>\n\n\n\n<h5 class=\"wp-block-heading\"><strong>Uzun Metraj Belgesel (Feature Documentaries)<\/strong><\/h5>\n\n\n\n<ol start=\"1\" class=\"wp-block-list\">\n<li><strong>New Beginnings<\/strong> \u2013 <em>Isabelle Ingold, Vivianne Perelmuter<\/em> (Belgium, France)<\/li>\n\n\n\n<li><strong>Flying with Fins<\/strong> \u2013 <em>Maria Averina<\/em> (Bulgaria)<\/li>\n\n\n\n<li><strong>Young Farmer<\/strong> \u2013 <em>Daryl S. Granger<\/em> (Canada)<\/li>\n<\/ol>\n\n\n\n<h5 class=\"wp-block-heading\"><strong>Uzun Metraj Film (Feature Films)<\/strong><\/h5>\n\n\n\n<ol start=\"1\" class=\"wp-block-list\">\n<li><strong>Water Lilies<\/strong> \u2013 <em>Chanho Lee<\/em> (Republic of Korea)<\/li>\n\n\n\n<li><strong>A Ray of Sunlight<\/strong> \u2013 <em>Sook-hee Moon<\/em> (Republic of Korea)<\/li>\n\n\n\n<li><strong>Children of the Sky<\/strong> \u2013 <em>Nurlan Jalilovich Abdykadyrov<\/em> (Kyrgyzstan)<\/li>\n<\/ol>\n\n\n\n<h5 class=\"wp-block-heading\"><strong>K\u0131sa Belgesel (Short Documentaries)<\/strong><\/h5>\n\n\n\n<ol start=\"1\" class=\"wp-block-list\">\n<li><strong>Towards the Light<\/strong> \u2013 <em>Elshad Arshadoglu<\/em> (Azerbaijan)<\/li>\n\n\n\n<li><strong>Shadows<\/strong> \u2013 <em>Rand Beurity<\/em> (Jordan)<\/li>\n\n\n\n<li><strong>Voces del Silencio<\/strong> \u2013 <em>Julio Mazarico<\/em> (Spain)<\/li>\n<\/ol>\n\n\n\n<h5 class=\"wp-block-heading\"><strong>K\u0131sa Film (Short Film)<\/strong><\/h5>\n\n\n\n<ol start=\"1\" class=\"wp-block-list\">\n<li><strong>Sisters<\/strong> \u2013 <em>Jordi Sanz Angrill<\/em> (Spain)<\/li>\n\n\n\n<li><strong>Family Sunday<\/strong> \u2013 <em>Gerardo Del Razo<\/em> (Mexico)<\/li>\n\n\n\n<li><strong>Ben\u2019s Birthday<\/strong> \u2013 <em>Robert Decani<\/em> (Germany)<\/li>\n<\/ol>\n\n\n\n<p><\/p>\n","protected":false},"excerpt":{"rendered":"<p>ULUSAL YARI\u015eMA (NATIONAL COMPETITION) Belgesel Film Kategorisi (Feature Documentary) K\u0131sa Belgesel Kategorisi (Short Documentary) Uzun Metraj Film Kategorisi (Feature Film) K\u0131sa Film Kategorisi (Short Film) ULUSLARARASI YARI\u015eMA (INTERNATIONAL COMPETITION) Uzun Metraj Belgesel (Feature Documentaries) Uzun Metraj Film (Feature Films) K\u0131sa Belgesel (Short Documentaries) K\u0131sa Film (Short Film)<\/p>\n","protected":false},"author":1,"featured_media":0,"parent":92,"menu_order":0,"comment_status":"closed","ping_status":"closed","template":"","meta":{"footnotes":""},"class_list":["post-126","page","type-page","status-publish","hentry"],"jetpack_sharing_enabled":true,"_links":{"self":[{"href":"https:\/\/www.nartugan.com.tr\/index.php\/wp-json\/wp\/v2\/pages\/126","targetHints":{"allow":["GET"]}}],"collection":[{"href":"https:\/\/www.nartugan.com.tr\/index.php\/wp-json\/wp\/v2\/pages"}],"about":[{"href":"https:\/\/www.nartugan.com.tr\/index.php\/wp-json\/wp\/v2\/types\/page"}],"author":[{"embeddable":true,"href":"https:\/\/www.nartugan.com.tr\/index.php\/wp-json\/wp\/v2\/users\/1"}],"replies":[{"embeddable":true,"href":"https:\/\/www.nartugan.com.tr\/index.php\/wp-json\/wp\/v2\/comments?post=126"}],"version-history":[{"count":0,"href":"https:\/\/www.nartugan.com.tr\/index.php\/wp-json\/wp\/v2\/pages\/126\/revisions"}],"up":[{"embeddable":true,"href":"https:\/\/www.nartugan.com.tr\/index.php\/wp-json\/wp\/v2\/pages\/92"}],"wp:attachment":[{"href":"https:\/\/www.nartugan.com.tr\/index.php\/wp-json\/wp\/v2\/media?parent=126"}],"curies":[{"name":"wp","href":"https:\/\/api.w.org\/{rel}","templated":true}]}}