{"id":110,"date":"2026-01-17T21:08:02","date_gmt":"2026-01-17T21:08:02","guid":{"rendered":"https:\/\/www.nartugan.com.tr\/?page_id=110"},"modified":"2026-01-18T04:49:40","modified_gmt":"2026-01-18T04:49:40","slug":"2020-2","status":"publish","type":"page","link":"https:\/\/www.nartugan.com.tr\/index.php\/arsiv\/2020-2\/","title":{"rendered":"2020-2024 KAZANAN F\u0130LMLER"},"content":{"rendered":"\n<p><\/p>\n\n\n\n<h4 class=\"wp-block-heading\"><strong>ULUSAL SE\u00c7K\u0130 (T\u00dcRK\u0130YE)<\/strong><\/h4>\n\n\n\n<h2 class=\"wp-block-heading\"><\/h2>\n\n\n\n<p><strong>7 KYBELES,selected to Dhaka Film Festival 2021<\/strong> \u2013 ORHAN Tekeoglu \u2013 KAZANAN \u2013 2021<\/p>\n\n\n\n<p><strong>LOST L\u0130FES<\/strong> \u2013 BARI\u015e DEM\u0130RKAYA \u2013 KAZANAN \u2013 2021<\/p>\n\n\n\n<p><strong>Earth<\/strong> \u2013 burak kum \u2013 KAZANAN \u2013 2021<\/p>\n\n\n\n<p><strong>Our Only Home<\/strong> \u2013 Bayram K\u00fc\u00e7\u00fck \u2013 KAZANAN \u2013 2021<\/p>\n\n\n\n<p><strong>The Toymaker Hidden Heirloom<\/strong> \u2013 Ya\u011fmur Kartal \u2013 KAZANAN \u2013 2021<\/p>\n\n\n\n<p><strong>REBUS<\/strong> \u2013 Engin \u00d6rsel \u2013 KAZANAN \u2013 2021<\/p>\n\n\n\n<p><strong>Four Doors Forty Maqams<\/strong> \u2013 Bar\u0131\u015f Tolga Ekinci \u2013 KAZANAN \u2013 2021<\/p>\n\n\n\n<p><strong>Glassy Stares<\/strong> \u2013 R\u0131dvan Karaman \u2013 KAZANAN \u2013 2021<\/p>\n\n\n\n<div class=\"wp-block-group\"><div class=\"wp-block-group__inner-container is-layout-constrained wp-block-group-is-layout-constrained\">\n<p><strong>Rewindboy<\/strong> \u2013 Pervin Metin Candan \u2013 KAZANAN \u2013 2021<\/p>\n\n\n\n<p><strong>PEYYAMI<\/strong> \u2013 Aydin Aslan \u2013 KAZANAN \u2013 2022<\/p>\n\n\n\n<p><strong>Khora<\/strong> \u2013 Nalan Abbaso\u011flu \u2013 KAZANAN \u2013 2022<\/p>\n\n\n\n<p><strong>The Healing Farm<\/strong> \u2013 feyzi baran \u2013 KAZANAN \u2013 2022<\/p>\n\n\n\n<p><strong>Mortis<\/strong> \u2013 Furkan Nihat T\u00fcken \u2013 KAZANAN \u2013 2022<\/p>\n\n\n\n<p><strong>Kara Sevda<\/strong> \u2013 Sinan \u00c7evik \u2013 KAZANAN \u2013 2022<\/p>\n\n\n\n<p><strong>AGA<\/strong> \u2013 Mevl\u00fct Ta\u015fc\u0131 \u2013 KAZANAN \u2013 2023<\/p>\n\n\n\n<p><strong>K\u00f6z\u00fcng\u00fc<\/strong> \u2013 Ahmet Tolga Ay\u0131klar \u2013 KAZANAN \u2013 2023<\/p>\n\n\n\n<p><strong>Payidar: Gazi&#8217;nin B\u00fcy\u00fck Tablosu<\/strong> \u2013 G\u00f6rkem Ulud\u00fcz \u2013 KAZANAN \u2013 2023<\/p>\n\n\n\n<p><strong>The Last Supper<\/strong> \u2013 Halil Ibrahim Gezer \u2013 KAZANAN \u2013 2023<\/p>\n\n\n\n<p><strong>Istanbul Istanbul<\/strong> \u2013 Demir \u00d6zcan \u2013 KAZANAN \u2013 2023<\/p>\n\n\n\n<p><strong>The Last Birds of Passage \/Turna Misali<\/strong> \u2013 \u0130ffet Eren Dan\u0131\u015fman Boz \u2013 KAZANAN \u2013 2023<\/p>\n\n\n\n<p><strong>A PASSENGER TO ANATOLIA WITH HIS FILMS, SABAHATTIN EYUBOGLU<\/strong> \u2013 P\u0131nar Ak\u00e7ay Demirk\u0131ran \u2013 KAZANAN \u2013 2023<\/p>\n\n\n\n<p><strong>Notes From Underground<\/strong> \u2013 Eren Aybars Arpacik \u2013 KAZANAN \u2013 2023<\/p>\n\n\n\n<p><strong>Salto Mortale<\/strong> \u2013 Nihat Vuran \u2013 KAZANAN \u2013 2023<\/p>\n\n\n\n<p><strong>Son Pop Star &#8211; Kurak But<\/strong> \u2013 tunc topcuoglu \u2013 KAZANAN \u2013 2023<\/p>\n\n\n\n<p><strong>Silent Therapy<\/strong> \u2013 Tolga Toga \u2013 KAZANAN \u2013 2023<\/p>\n\n\n\n<p><strong>I Have Just<\/strong> \u2013 Ece Akal\u0131n Alag\u00f6z \u2013 KAZANAN \u2013 2023<\/p>\n\n\n\n<p><strong>HOPE<\/strong> \u2013 Volkan G\u0130RG\u0130N \u2013 KAZANAN \u2013 2023<\/p>\n\n\n\n<p><strong>TRADITION<\/strong> \u2013 Ali R\u0131za BAYAZIT \u2013 KAZANAN \u2013 2024<\/p>\n\n\n\n<p><strong>The Last Dinner<\/strong> \u2013 LEVENT ONAN \u2013 KAZANAN \u2013 2024<\/p>\n\n\n\n<p><strong>The Last Instituteers<\/strong> \u2013 Ta\u015fk\u0131n \u00c7a\u011fatay Yamen \u2013 KAZANAN \u2013 2024<\/p>\n\n\n\n<p><strong>THE RED CARPET<\/strong> \u2013 Burak Varl\u0131k \u2013 KAZANAN \u2013 2024<\/p>\n\n\n\n<p><strong>Extremely Personal Documentary<\/strong> \u2013 Ogulcan Atayol \u2013 KAZANAN \u2013 2024<\/p>\n\n\n\n<p><strong>Yakamoz<\/strong> \u2013 Ali Kerem Gulermen \u2013 KAZANAN \u2013 2024<\/p>\n\n\n\n<p><strong>One Bad Day<\/strong> \u2013 Ya\u015far G\u00fcney Yurdakul \u2013 KAZANAN \u2013 2024<\/p>\n\n\n\n<p><strong>I\u2019am where the butterflies sleep<\/strong> \u2013 Ceyhan Kandemir \u2013 KAZANAN \u2013 2024<\/p>\n\n\n\n<p><strong>Bedri Rahmi Ey\u00fcbo\u011flu \u201cThose Who Unravel The Secret Of Earth\u201d<\/strong> \u2013 Ali Kemal Pasiner \u2013 KAZANAN \u2013 2024<\/p>\n\n\n\n<p><strong>Sezenler Olsun (Let There be Sezens)<\/strong> \u2013 Adem Giliz \u2013 KAZANAN \u2013 2024<\/p>\n\n\n\n<p><strong>Let Me Put It This Way<\/strong> \u2013 Damla Ersan \u2013 KAZANAN \u2013 2024<\/p>\n\n\n\n<p><strong>TEP\u00dcK FROM THE PAST TO THE FUTURE<\/strong> \u2013 Muhammed Atasal \u2013 KAZANAN \u2013 2024<\/p>\n\n\n\n<p><strong>CAH\u0130DE SONKU &#8220;T\u00fcrkiye&#8217;s first female producer and director&#8221;<\/strong> \u2013 Nurullah G\u00fczel \u2013 KAZANAN \u2013 2024<\/p>\n\n\n\n<p><strong>The Contact<\/strong> \u2013 Bar\u0131\u015f Tolga Ekinci \u2013 KAZANAN \u2013 2024<\/p>\n\n\n\n<p><strong>Uncertain Location<\/strong> \u2013 Yusuf Erkan \u2013 KAZANAN \u2013 2024<\/p>\n\n\n\n<p><strong>My Father&#8217;s Friend<\/strong> \u2013 Kemal Akcay \u2013 KAZANAN \u2013 2024<\/p>\n\n\n\n<p><strong>Just Watched (Sadece \u0130zledim)<\/strong> \u2013 Murat Kiziroglu \u2013 KAZANAN \u2013 2024<\/p>\n\n\n\n<p><strong>VISIT<\/strong> \u2013 IRMAK TA\u015eDAN \u2013 KAZANAN \u2013 2024<\/p>\n\n\n\n<p><strong>Such Things Don\u2019t Happen In This World<\/strong> \u2013 Ali Emre Ceylan \u2013 KAZANAN \u2013 2024<\/p>\n\n\n\n<p><strong>Schizophrenia is not Played Alone<\/strong> \u2013 Bar\u0131\u015f Demirkaya \u2013 KAZANAN \u2013 2024<\/p>\n\n\n\n<h5 class=\"wp-block-heading\"><strong>ULUSLARARASI SE\u00c7K\u0130<\/strong><\/h5>\n\n\n\n<p><strong>BELOVED<\/strong> \u2013 yaser talebi \u2013 KAZANAN \u2013 2021<\/p>\n\n\n\n<p><strong>Rawhya&#8217;s safe haven<\/strong> \u2013 Mohmed Fathi \u2013 KAZANAN \u2013 2021<\/p>\n\n\n\n<p><strong>Dutjahn<\/strong> \u2013 James Wainman \u2013 KAZANAN \u2013 2021<\/p>\n\n\n\n<p><strong>Pipo and Blind Love<\/strong> \u2013 Hugo Le Gourrierec \u2013 KAZANAN \u2013 2021<\/p>\n\n\n\n<p><strong>The Story Of A Painting<\/strong> \u2013 Ruslan Magomadov \u2013 KAZANAN \u2013 2021<\/p>\n\n\n\n<p><strong>\u00abTurkestan: yesterday, today and tomorrow\u00bb.<\/strong> \u2013 \u0412\u043b\u0430\u0434\u0438\u043c\u0438\u0440 \u0422\u044e\u043b\u044ckin \u2013 KAZANAN \u2013 2021<\/p>\n\n\n\n<p><strong>Ranger<\/strong> \u2013 Abdulaev Mirlan \u2013 KAZANAN \u2013 2021<\/p>\n\n\n\n<p><strong>KulbarF<\/strong> \u2013 Milad Mansouri \u2013 KAZANAN \u2013 2021<\/p>\n\n\n\n<p><strong>The Nourooz Symphony of Tajikistan<\/strong> \u2013 Mohsen Rahimi \u2013 KAZANAN \u2013 2021<\/p>\n\n\n\n<p><strong>The Harvest<\/strong> \u2013 Omer Faruk Yardimci \u2013 KAZANAN \u2013 2021<\/p>\n\n\n\n<p><strong>About a woman<\/strong> \u2013 Mariano Turek, Luj\u00e1n Loioco \u2013 KAZANAN \u2013 2022<\/p>\n\n\n\n<p><strong>Living In A Bubble<\/strong> \u2013 Natalie MacMahon, Nikola Drvoshanov \u2013 KAZANAN \u2013 2022<\/p>\n\n\n\n<p><strong>MOOSTRO<\/strong> \u2013 Sergio Beltran \u2013 KAZANAN \u2013 2022<\/p>\n\n\n\n<p><strong>The Dalai Lama: Scientist<\/strong> \u2013 Dawn Gifford Engle \u2013 KAZANAN \u2013 2022<\/p>\n\n\n\n<p><strong>Work it Class! (ENG)<\/strong> \u2013 Pol Diggler \u2013 KAZANAN \u2013 2022<\/p>\n\n\n\n<p><strong>VERONA<\/strong> \u2013 Ane Siderman \u2013 KAZANAN \u2013 2022<\/p>\n\n\n\n<p><strong>Karakoram Highway Where Men and Mountains Meet<\/strong> \u2013 Zohaib Pervaiz \u2013 KAZANAN \u2013 2022<\/p>\n\n\n\n<p><strong>The Persistence Of Amazing Grace<\/strong> \u2013 Y\u00f6netmeni Belirtilmemi\u015f \u2013 KAZANAN \u2013 2022<\/p>\n\n\n\n<p><strong>AJAW Q&#8217;IJ<\/strong> \u2013 Chiara Faggionato \u2013 KAZANAN \u2013 2022<\/p>\n\n\n\n<p><strong>Me and Myself<\/strong> \u2013 Passos Zamith \u2013 KAZANAN \u2013 2022<\/p>\n\n\n\n<p><strong>Shirin Ebadi: Until We Are Free<\/strong> \u2013 Dawn Gifford Engle \u2013 KAZANAN \u2013 2023<\/p>\n\n\n\n<p><strong>Sincopat<\/strong> \u2013 Pol Diggler \u2013 KAZANAN \u2013 2023<\/p>\n\n\n\n<p><strong>Half Steel<\/strong> \u2013 Javid Samadov \u2013 KAZANAN \u2013 2023<\/p>\n\n\n\n<p><strong>Cell 9<\/strong> \u2013 John Sarkanjac \u2013 KAZANAN \u2013 2023<\/p>\n\n\n\n<p><strong>ON THE BLUE SUMMER EVENINGS<\/strong> \u2013 XAVIER GU\u00c0RDIA \u2013 KAZANAN \u2013 2024<\/p>\n\n\n\n<p><strong>No WiFi<\/strong> \u2013 Natasha Mashkevich \u2013 KAZANAN \u2013 2024<\/p>\n\n\n\n<p><strong>Vasomotor Rhinitis<\/strong> \u2013 Y\u00f6netmeni Belirtilmemi\u015f \u2013 KAZANAN \u2013 2024<\/p>\n\n\n\n<p><strong>Central Hospital<\/strong> \u2013 Vahid Nami, Navid Nami \u2013 KAZANAN \u2013 2024<\/p>\n\n\n\n<p><strong>Wine Dark Sea<\/strong> \u2013 Nefin Dinc \u2013 KAZANAN \u2013 2024<\/p>\n\n\n\n<p><strong>OLYMPIC TRASH<\/strong> \u2013 Erik S\u00e9mashkin \u2013 KAZANAN \u2013 2024<\/p>\n\n\n\n<p><strong>Fire of Novruz<\/strong> \u2013 Nihal Atasoy \u2013 KAZANAN \u2013 2024<\/p>\n\n\n\n<p><strong>Water Lilies<\/strong> \u2013 Chanho LEE \u2013 KAZANAN \u2013 2024<\/p>\n\n\n\n<p><strong>Children of the Sky<\/strong> \u2013 Nurlan Jalilovich ABDYKADYROV \u2013 KAZANAN \u2013 2024<\/p>\n\n\n\n<p><strong>A Ray of Sunlight<\/strong> \u2013 Sook-hee MOON \u2013 KAZANAN \u2013 2024<\/p>\n\n\n\n<p><strong>Shadows<\/strong> \u2013 Rand Beiruty \u2013 KAZANAN \u2013 2024<\/p>\n\n\n\n<p><strong>A Doctor of Three Wars<\/strong> \u2013 Vedat Yenerer \u2013 KAZANAN \u2013 2024<\/p>\n\n\n\n<p><strong>Flying with fins<\/strong> \u2013 Maria Averina \u2013 KAZANAN \u2013 2024<\/p>\n\n\n\n<p><strong>NEW BEGINNINGS<\/strong> \u2013 Isabelle INGOLD, Vivianne PERELMUTER \u2013 KAZANAN \u2013 2024<\/p>\n\n\n\n<p><\/p>\n<\/div><\/div>\n","protected":false},"excerpt":{"rendered":"<p>ULUSAL SE\u00c7K\u0130 (T\u00dcRK\u0130YE) 7 KYBELES,selected to Dhaka Film Festival 2021 \u2013 ORHAN Tekeoglu \u2013 KAZANAN \u2013 2021 LOST L\u0130FES \u2013 BARI\u015e DEM\u0130RKAYA \u2013 KAZANAN \u2013 2021 Earth \u2013 burak kum \u2013 KAZANAN \u2013 2021 Our Only Home \u2013 Bayram K\u00fc\u00e7\u00fck \u2013 KAZANAN \u2013 2021 The Toymaker Hidden Heirloom \u2013 Ya\u011fmur&#8230; <a class=\"continue-reading-link\" href=\"https:\/\/www.nartugan.com.tr\/index.php\/arsiv\/2020-2\/\">Okumaya Devam Et. <span class=\"meta-nav\">&rarr; <\/span><\/a><\/p>\n","protected":false},"author":1,"featured_media":0,"parent":92,"menu_order":0,"comment_status":"closed","ping_status":"closed","template":"","meta":{"footnotes":""},"class_list":["post-110","page","type-page","status-publish","hentry"],"jetpack_sharing_enabled":true,"_links":{"self":[{"href":"https:\/\/www.nartugan.com.tr\/index.php\/wp-json\/wp\/v2\/pages\/110","targetHints":{"allow":["GET"]}}],"collection":[{"href":"https:\/\/www.nartugan.com.tr\/index.php\/wp-json\/wp\/v2\/pages"}],"about":[{"href":"https:\/\/www.nartugan.com.tr\/index.php\/wp-json\/wp\/v2\/types\/page"}],"author":[{"embeddable":true,"href":"https:\/\/www.nartugan.com.tr\/index.php\/wp-json\/wp\/v2\/users\/1"}],"replies":[{"embeddable":true,"href":"https:\/\/www.nartugan.com.tr\/index.php\/wp-json\/wp\/v2\/comments?post=110"}],"version-history":[{"count":0,"href":"https:\/\/www.nartugan.com.tr\/index.php\/wp-json\/wp\/v2\/pages\/110\/revisions"}],"up":[{"embeddable":true,"href":"https:\/\/www.nartugan.com.tr\/index.php\/wp-json\/wp\/v2\/pages\/92"}],"wp:attachment":[{"href":"https:\/\/www.nartugan.com.tr\/index.php\/wp-json\/wp\/v2\/media?parent=110"}],"curies":[{"name":"wp","href":"https:\/\/api.w.org\/{rel}","templated":true}]}}